{"id":243,"date":"2021-03-29T19:22:30","date_gmt":"2021-03-29T19:22:30","guid":{"rendered":"https:\/\/www.kimpel-kartonagen.de\/?page_id=243"},"modified":"2025-09-29T08:17:17","modified_gmt":"2025-09-29T08:17:17","slug":"impressum","status":"publish","type":"page","link":"https:\/\/www.kimpel-kartonagen.de\/index.php\/impressum\/","title":{"rendered":"Impressum"},"content":{"rendered":"\n<h2 class=\"wp-block-heading\">Webseitenbetreiber<\/h2>\n\n\n\n<p>Willy Kimpel KG<br>Zur Pfaffenmach 2<br>DE 36110 Schlitz<br><br>Telefon (06642) 40019<\/p>\n\n\n\n<p>Email info@kimpel-kartonagen.de<br><br>Gesch\u00e4ftsf\u00fchrer: Monika Kimpel<br>Handelsregister: Fulda, HRB7336<br>Umsatzsteuer-Id.-Nr. (\u00a727a UStG): DE113246588<br>inhaltlich Verantwortlicher (\u00a710 MDStV): Monika Kimpel<\/p>\n\n\n\n<figure class=\"wp-block-image size-large\"><img loading=\"lazy\" decoding=\"async\" width=\"1024\" height=\"722\" src=\"https:\/\/www.kimpel-kartonagen.de\/wp-content\/uploads\/2025\/09\/Screenshot-2025-09-29-101644-1024x722.jpg\" alt=\"\" class=\"wp-image-267\" srcset=\"https:\/\/www.kimpel-kartonagen.de\/wp-content\/uploads\/2025\/09\/Screenshot-2025-09-29-101644-1024x722.jpg 1024w, https:\/\/www.kimpel-kartonagen.de\/wp-content\/uploads\/2025\/09\/Screenshot-2025-09-29-101644-300x211.jpg 300w, https:\/\/www.kimpel-kartonagen.de\/wp-content\/uploads\/2025\/09\/Screenshot-2025-09-29-101644-768x541.jpg 768w, https:\/\/www.kimpel-kartonagen.de\/wp-content\/uploads\/2025\/09\/Screenshot-2025-09-29-101644-1536x1083.jpg 1536w, https:\/\/www.kimpel-kartonagen.de\/wp-content\/uploads\/2025\/09\/Screenshot-2025-09-29-101644.jpg 1576w\" sizes=\"auto, (max-width: 767px) 89vw, (max-width: 1000px) 54vw, (max-width: 1071px) 543px, 580px\" \/><\/figure>\n\n\n\n<h2 class=\"wp-block-heading\">Disclaimer<\/h2>\n\n\n\n<p>Mit Urteil vom 12. Mai 1998 hat das Landgericht Hamburg entschieden, dass man durch die Ausbringung eines Links die Inhalte der gelinkten Seite ggf. mitzuverantworten hat. Dies kann &#8211; so das LG &#8211; nur dadurch verhindert werden, dass man sich ausdr\u00fccklich von diesen Inhalten distanziert. Wir haben auf unserer Seite Links zu anderen Seiten im Internet gelegt. F\u00fcr all diese Links gilt: Wir m\u00f6chten ausdr\u00fccklich betonen, dass wir jetzt keinerlei Einfluss auf die Gestaltung und die Inhalte der gelinkten Seiten haben. Deshalb distanzieren wir uns hiermit ausdr\u00fccklich von allen Inhalten aller gelinkten Seiten. Und wir machen uns deren Inhalte nicht zu eigen. Diese Erkl\u00e4rung gilt f\u00fcr alle auf unserer Seite ausgebrachten Links und f\u00fcr alle Inhalte der Seiten, zu denen die Banner f\u00fchren.<\/p>\n\n\n\n<h2 class=\"wp-block-heading\">Haftungsausschluss<\/h2>\n\n\n\n<p>Der Autor \u00fcbernimmt keinerlei Gew\u00e4hr f\u00fcr die Aktualit\u00e4t, Korrektheit, Vollst\u00e4ndigkeit oder Qualit\u00e4t der bereitgestellten Informationen. Haftungsanspr\u00fcche gegen den Autor, die sich auf Sch\u00e4den materieller oder ideeller Art beziehen, welche durch die Nutzung oder Nichtnutzung der dargebotenen Informationen bzw. durch die Nutzung fehlerhafter und unvollst\u00e4ndiger Informationen verursacht wurden, sind grunds\u00e4tzlich ausgeschlossen, sofern seitens des Autors kein nachweislich vors\u00e4tzliches oder grob fahrl\u00e4ssiges Verschulden vorliegt. Alle Angebote sind freibleibend und unverbindlich. Der Autor beh\u00e4lt es sich ausdr\u00fccklich vor, Teile der Seiten oder das gesamte Angebot ohne gesonderte Ank\u00fcndigung zu ver\u00e4ndern, zu erg\u00e4nzen, zu l\u00f6schen oder die Ver\u00f6ffentlichung zeitweise oder endg\u00fcltig einzustellen.<\/p>\n\n\n\n<h2 class=\"wp-block-heading\">Verweise und Links<\/h2>\n\n\n\n<p>Sofern auf Verweisziele (&#8222;Links&#8220;) direkt oder indirekt verwiesen wird, die au\u00dferhalb des Verantwortungsbereiches des Autors liegen, haftet dieser nur dann, wenn er von den Inhalten Kenntnis hat und es ihm technisch m\u00f6glich und zumutbar w\u00e4re, die Nutzung im Falle rechtswidriger Inhalte zu verhindern. F\u00fcr dar\u00fcber hinausgehende Inhalte und insbesondere f\u00fcr Sch\u00e4den, die aus der Nutzung oder Nichtnutzung solcherart dargebotener Informationen entstehen, haftet allein der Anbieter der Seite, auf welche verwiesen wurde, nicht derjenige, der \u00fcber Links auf die jeweilige Ver\u00f6ffentlichung lediglich verweist. Diese Einschr\u00e4nkung gilt gleicherma\u00dfen auch f\u00fcr Fremdeintr\u00e4ge in vom Autor eingerichteten G\u00e4steb\u00fcchern, Diskussionsforen und Mailinglisten.<\/p>\n\n\n\n<h2 class=\"wp-block-heading\">Urheberrecht<\/h2>\n\n\n\n<p>Der Autor ist bestrebt, in allen Publikationen die Urheberrechte der verwendeten Grafiken, Tondokumente, Videosequenzen und Texte zu beachten, von ihm selbst erstellte Grafiken, Tondokumente, Videosequenzen und Texte zu nutzen oder auf lizenzfreie Grafiken, Tondokumente, Videosequenzen und Texte zur\u00fcckzugreifen. Das Copyright f\u00fcr ver\u00f6ffentlichte, vom Autor selbst erstellte Objekte bleibt allein beim Autor der Seiten. Eine Vervielf\u00e4ltigung oder Verwendung solcher Grafiken, Tondokumente, Videosequenzen und Texte in anderen elektronischen oder gedruckten Publikationen ist ohne ausdr\u00fcckliche Zustimmung des Autors nicht gestattet.<\/p>\n\n\n\n<h2 class=\"wp-block-heading\">Rechtswirksamkeit dieses Haftungsausschlusses<\/h2>\n\n\n\n<p>Dieser Haftungsausschluss ist als Teil des Internetangebotes zu betrachten, von dem aus auf diese Seite verwiesen wurde. Sofern Teile oder einzelne Formulierungen dieses Textes der geltenden Rechtslage nicht, nicht mehr oder nicht vollst\u00e4ndig entsprechen sollten, bleiben die \u00fcbrigen Teile des Dokumentes in ihrem Inhalt und ihrer G\u00fcltigkeit davon unber\u00fchrt. Gerichtsstandort DE 36341 Lauterbach.<\/p>\n","protected":false},"excerpt":{"rendered":"<p>Webseitenbetreiber Willy Kimpel KGZur Pfaffenmach 2DE 36110 Schlitz Telefon (06642) 40019 Email info@kimpel-kartonagen.de Gesch\u00e4ftsf\u00fchrer: Monika KimpelHandelsregister: Fulda, HRB7336Umsatzsteuer-Id.-Nr. (\u00a727a UStG): DE113246588inhaltlich Verantwortlicher (\u00a710 MDStV): Monika Kimpel Disclaimer Mit Urteil vom 12. Mai 1998 hat das Landgericht Hamburg entschieden, dass man durch die Ausbringung eines Links die Inhalte der gelinkten Seite ggf. mitzuverantworten hat. Dies kann &hellip; <\/p>\n<p class=\"link-more\"><a href=\"https:\/\/www.kimpel-kartonagen.de\/index.php\/impressum\/\" class=\"more-link\"><span class=\"screen-reader-text\">\u201eImpressum\u201c<\/span> weiterlesen<\/a><\/p>\n","protected":false},"author":2,"featured_media":0,"parent":0,"menu_order":0,"comment_status":"closed","ping_status":"closed","template":"","meta":{"footnotes":""},"class_list":["post-243","page","type-page","status-publish","hentry"],"jetpack_sharing_enabled":true,"_links":{"self":[{"href":"https:\/\/www.kimpel-kartonagen.de\/index.php\/wp-json\/wp\/v2\/pages\/243","targetHints":{"allow":["GET"]}}],"collection":[{"href":"https:\/\/www.kimpel-kartonagen.de\/index.php\/wp-json\/wp\/v2\/pages"}],"about":[{"href":"https:\/\/www.kimpel-kartonagen.de\/index.php\/wp-json\/wp\/v2\/types\/page"}],"author":[{"embeddable":true,"href":"https:\/\/www.kimpel-kartonagen.de\/index.php\/wp-json\/wp\/v2\/users\/2"}],"replies":[{"embeddable":true,"href":"https:\/\/www.kimpel-kartonagen.de\/index.php\/wp-json\/wp\/v2\/comments?post=243"}],"version-history":[{"count":3,"href":"https:\/\/www.kimpel-kartonagen.de\/index.php\/wp-json\/wp\/v2\/pages\/243\/revisions"}],"predecessor-version":[{"id":268,"href":"https:\/\/www.kimpel-kartonagen.de\/index.php\/wp-json\/wp\/v2\/pages\/243\/revisions\/268"}],"wp:attachment":[{"href":"https:\/\/www.kimpel-kartonagen.de\/index.php\/wp-json\/wp\/v2\/media?parent=243"}],"curies":[{"name":"wp","href":"https:\/\/api.w.org\/{rel}","templated":true}]}}