{"id":33,"date":"2020-10-06T05:41:22","date_gmt":"2020-10-06T05:41:22","guid":{"rendered":"https:\/\/2020.kimpel-kartonagen.de\/?page_id=33"},"modified":"2020-10-27T12:05:37","modified_gmt":"2020-10-27T12:05:37","slug":"startseite","status":"publish","type":"page","link":"https:\/\/www.kimpel-kartonagen.de\/","title":{"rendered":"Das Unternehmen"},"content":{"rendered":"\n<p>Die Willy Kimpel KG ist ein aufstrebendes, in der vierten Generation Inhaber-gef\u00fchrtes Unternehmen mit Sitz im hessischen Schlitz. Wir stellen seit \u00fcber 130 Jahren ma\u00dfgeschneiderte Druck- und Verpackungsl\u00f6sungen in kleinen bis mittleren Auflagen her.<\/p>\n\n\n\n<p>Ob Verpackungen oder Displays aus Papier, Karton, Vollpappe oder Wellpappe, wir bieten Ihnen die auf Ihre Aufgabenstellungen zugeschnittene innovative L\u00f6sung.<\/p>\n","protected":false},"excerpt":{"rendered":"<p>Die Willy Kimpel KG ist ein aufstrebendes, in der vierten Generation Inhaber-gef\u00fchrtes Unternehmen mit Sitz im hessischen Schlitz. Wir stellen seit \u00fcber 130 Jahren ma\u00dfgeschneiderte Druck- und Verpackungsl\u00f6sungen in kleinen bis mittleren Auflagen her. Ob Verpackungen oder Displays aus Papier, Karton, Vollpappe oder Wellpappe, wir bieten Ihnen die auf Ihre Aufgabenstellungen zugeschnittene innovative L\u00f6sung.<\/p>\n","protected":false},"author":2,"featured_media":74,"parent":0,"menu_order":0,"comment_status":"closed","ping_status":"closed","template":"","meta":{"footnotes":""},"class_list":["post-33","page","type-page","status-publish","has-post-thumbnail","hentry"],"jetpack_sharing_enabled":true,"_links":{"self":[{"href":"https:\/\/www.kimpel-kartonagen.de\/index.php\/wp-json\/wp\/v2\/pages\/33","targetHints":{"allow":["GET"]}}],"collection":[{"href":"https:\/\/www.kimpel-kartonagen.de\/index.php\/wp-json\/wp\/v2\/pages"}],"about":[{"href":"https:\/\/www.kimpel-kartonagen.de\/index.php\/wp-json\/wp\/v2\/types\/page"}],"author":[{"embeddable":true,"href":"https:\/\/www.kimpel-kartonagen.de\/index.php\/wp-json\/wp\/v2\/users\/2"}],"replies":[{"embeddable":true,"href":"https:\/\/www.kimpel-kartonagen.de\/index.php\/wp-json\/wp\/v2\/comments?post=33"}],"version-history":[{"count":6,"href":"https:\/\/www.kimpel-kartonagen.de\/index.php\/wp-json\/wp\/v2\/pages\/33\/revisions"}],"predecessor-version":[{"id":193,"href":"https:\/\/www.kimpel-kartonagen.de\/index.php\/wp-json\/wp\/v2\/pages\/33\/revisions\/193"}],"wp:featuredmedia":[{"embeddable":true,"href":"https:\/\/www.kimpel-kartonagen.de\/index.php\/wp-json\/wp\/v2\/media\/74"}],"wp:attachment":[{"href":"https:\/\/www.kimpel-kartonagen.de\/index.php\/wp-json\/wp\/v2\/media?parent=33"}],"curies":[{"name":"wp","href":"https:\/\/api.w.org\/{rel}","templated":true}]}}