{"id":34,"date":"2020-10-06T05:41:22","date_gmt":"2020-10-06T05:41:22","guid":{"rendered":"https:\/\/2020.kimpel-kartonagen.de\/?page_id=34"},"modified":"2022-03-06T14:01:27","modified_gmt":"2022-03-06T14:01:27","slug":"unsere-produkte","status":"publish","type":"page","link":"https:\/\/www.kimpel-kartonagen.de\/index.php\/unsere-produkte\/","title":{"rendered":"Unsere Produkte"},"content":{"rendered":"\n<div class=\"wp-block-columns is-layout-flex wp-container-core-columns-is-layout-9d6595d7 wp-block-columns-is-layout-flex\">\n<div class=\"wp-block-column is-layout-flow wp-block-column-is-layout-flow\">\n<h2 class=\"wp-block-heading\" style=\"font-size:23px\"><strong>Verpackungsentwicklung und -beratung<\/strong><\/h2>\n\n\n\n<p>Gemeinsam mit Ihnen entwickeln wir die f\u00fcr Ihre Aufgabenstellung aus dem Verpackungs-<br>und Displaybereich am besten geeignete L\u00f6sung.<\/p>\n\n\n\n<p>Hierzu erstellen wir mit modernsten CAD-Programmen ein auf Ihr Produkt zugeschnittenes Muster, auf wunsch auch digital bedruckt.<\/p>\n\n\n\n<p>Unser Schwerpunkt liegt dabei nicht nur in der Entwicklung von Verkaufs- und Transportverpackungen, sondern auch auf Theken- und Warendisplays f\u00fcr den POS.<\/p>\n<\/div>\n\n\n\n<div class=\"wp-block-column is-layout-flow wp-block-column-is-layout-flow\">\n<figure class=\"wp-block-image size-large is-style-default\"><img loading=\"lazy\" decoding=\"async\" width=\"1024\" height=\"695\" src=\"https:\/\/www.kimpel-kartonagen.de\/wp-content\/uploads\/2020\/10\/Verpackungsentwicklung-1024x695.png\" alt=\"\" class=\"wp-image-81\" srcset=\"https:\/\/www.kimpel-kartonagen.de\/wp-content\/uploads\/2020\/10\/Verpackungsentwicklung-1024x695.png 1024w, https:\/\/www.kimpel-kartonagen.de\/wp-content\/uploads\/2020\/10\/Verpackungsentwicklung-300x204.png 300w, https:\/\/www.kimpel-kartonagen.de\/wp-content\/uploads\/2020\/10\/Verpackungsentwicklung-768x521.png 768w, https:\/\/www.kimpel-kartonagen.de\/wp-content\/uploads\/2020\/10\/Verpackungsentwicklung.png 1123w\" sizes=\"auto, (max-width: 767px) 89vw, (max-width: 1000px) 54vw, (max-width: 1071px) 543px, 580px\" \/><\/figure>\n\n\n\n<figure class=\"wp-block-image size-large is-resized\"><img loading=\"lazy\" decoding=\"async\" src=\"https:\/\/www.kimpel-kartonagen.de\/wp-content\/uploads\/2022\/03\/Verpackungsentwicklungneu-1024x852.png\" alt=\"\" class=\"wp-image-254\" width=\"358\" height=\"298\" srcset=\"https:\/\/www.kimpel-kartonagen.de\/wp-content\/uploads\/2022\/03\/Verpackungsentwicklungneu-1024x852.png 1024w, https:\/\/www.kimpel-kartonagen.de\/wp-content\/uploads\/2022\/03\/Verpackungsentwicklungneu-300x250.png 300w, https:\/\/www.kimpel-kartonagen.de\/wp-content\/uploads\/2022\/03\/Verpackungsentwicklungneu-768x639.png 768w, https:\/\/www.kimpel-kartonagen.de\/wp-content\/uploads\/2022\/03\/Verpackungsentwicklungneu-1536x1278.png 1536w, https:\/\/www.kimpel-kartonagen.de\/wp-content\/uploads\/2022\/03\/Verpackungsentwicklungneu.png 1937w\" sizes=\"auto, (max-width: 358px) 100vw, 358px\" \/><\/figure>\n<\/div>\n<\/div>\n\n\n\n<div class=\"wp-block-columns is-layout-flex wp-container-core-columns-is-layout-9d6595d7 wp-block-columns-is-layout-flex\">\n<div class=\"wp-block-column is-layout-flow wp-block-column-is-layout-flow\">\n<h2 class=\"wp-block-heading\" style=\"font-size:23px\"><strong>Digitaldruck<\/strong><\/h2>\n\n\n\n<p>Um kleinste Auflagen wirtschaftlich zu produzieren, setzen wir auf einen l\u00fcckenlos digitalen Workflow, den wir bei Bedarf mit konventioneller Stanz- und Rilltechnik kombinieren.<\/p>\n\n\n\n<p>Wir w\u00e4hlen je nach Auflagenh\u00f6he und Schwierigkeitsgrad zwischen der rein digitalen Fertigung und konventioneller Stanz- und Rilltechnik.<\/p>\n\n\n\n<p>So k\u00f6nnen selbst kleinste Musterserien in der gleichen Qualit\u00e4t wie sp\u00e4ter die mit konventionellen Fertigungsverfahren hergestellte Hauptauflage pr\u00e4sentiert werden.<\/p>\n\n\n\n<p>Eine permanente Rohstoffbevorratung gew\u00e4hrleistet schnellste Lieferzeiten.<\/p>\n<\/div>\n\n\n\n<div class=\"wp-block-column is-layout-flow wp-block-column-is-layout-flow\">\n<figure class=\"wp-block-image size-large\"><img loading=\"lazy\" decoding=\"async\" width=\"863\" height=\"1024\" src=\"https:\/\/www.kimpel-kartonagen.de\/wp-content\/uploads\/2022\/03\/Digitaldruck4-863x1024.png\" alt=\"\" class=\"wp-image-263\" srcset=\"https:\/\/www.kimpel-kartonagen.de\/wp-content\/uploads\/2022\/03\/Digitaldruck4-863x1024.png 863w, https:\/\/www.kimpel-kartonagen.de\/wp-content\/uploads\/2022\/03\/Digitaldruck4-253x300.png 253w, https:\/\/www.kimpel-kartonagen.de\/wp-content\/uploads\/2022\/03\/Digitaldruck4-768x911.png 768w, https:\/\/www.kimpel-kartonagen.de\/wp-content\/uploads\/2022\/03\/Digitaldruck4.png 1210w\" sizes=\"auto, (max-width: 767px) 89vw, (max-width: 1000px) 54vw, (max-width: 1071px) 543px, 580px\" \/><\/figure>\n<\/div>\n<\/div>\n\n\n\n<div class=\"wp-block-columns is-layout-flex wp-container-core-columns-is-layout-9d6595d7 wp-block-columns-is-layout-flex\">\n<div class=\"wp-block-column is-layout-flow wp-block-column-is-layout-flow\">\n<h2 class=\"wp-block-heading\" style=\"font-size:23px\"><strong>Verpackungen und Displays<\/strong><\/h2>\n\n\n\n<p>Wir haben unsere Produktion auf die wirtschaftliche Fertigung kleiner und mittlerer Auflagen von Verpackungen und Displays aus Karton und Wellpappe ausgerichtet.<\/p>\n\n\n\n<p>Dazu bieten wir noch Dienstleistungen im Verpackungsbereich an, wie z. B. das Lohnstanzen und Kleben von bedruckten Bogen oder das kundenfreundliche Vor-Konfektionieren der gefertigten Verpackungen und Displays.<\/p>\n<\/div>\n\n\n\n<div class=\"wp-block-column is-layout-flow wp-block-column-is-layout-flow\">\n<figure class=\"wp-block-image size-large\"><img loading=\"lazy\" decoding=\"async\" width=\"1024\" height=\"554\" src=\"https:\/\/2020.kimpel-kartonagen.de\/wp-content\/uploads\/2020\/10\/Verpackung-und-Display-Kopie-1024x554.png\" alt=\"\" class=\"wp-image-174\" srcset=\"https:\/\/www.kimpel-kartonagen.de\/wp-content\/uploads\/2020\/10\/Verpackung-und-Display-Kopie-1024x554.png 1024w, https:\/\/www.kimpel-kartonagen.de\/wp-content\/uploads\/2020\/10\/Verpackung-und-Display-Kopie-300x162.png 300w, https:\/\/www.kimpel-kartonagen.de\/wp-content\/uploads\/2020\/10\/Verpackung-und-Display-Kopie-768x416.png 768w, https:\/\/www.kimpel-kartonagen.de\/wp-content\/uploads\/2020\/10\/Verpackung-und-Display-Kopie-1536x832.png 1536w, https:\/\/www.kimpel-kartonagen.de\/wp-content\/uploads\/2020\/10\/Verpackung-und-Display-Kopie.png 2013w\" sizes=\"auto, (max-width: 767px) 89vw, (max-width: 1000px) 54vw, (max-width: 1071px) 543px, 580px\" \/><\/figure>\n<\/div>\n<\/div>\n\n\n\n<div class=\"wp-block-columns is-layout-flex wp-container-core-columns-is-layout-9d6595d7 wp-block-columns-is-layout-flex\">\n<div class=\"wp-block-column is-layout-flow wp-block-column-is-layout-flow\">\n<h2 class=\"wp-block-heading\" style=\"font-size:23px\"><strong>Bezugskartonagen<\/strong><\/h2>\n\n\n\n<p>Edel anmutende \u00fcberzogene Verpackungen eignen sich hervorragend f\u00fcr den wertigen Auftritt Ihres Produktes am POS. Dazu \u00fcberziehen wir ein hochwertiges, unifarbiges oder mit Ihren Motiven bedrucktes Papier vollfl\u00e4chig \u00fcber eine stabile Vollpappen-Verpackung.<\/p>\n\n\n\n<p>Passend dazu bieten wir Ihnen z. B. mit Stoff gef\u00fctterte Eins\u00e4tze oder Klarsichtdeckel an, die Ihr Produkt am POS wertig und uneingeschr\u00e4nkt pr\u00e4sentieren.<\/p>\n<\/div>\n\n\n\n<div class=\"wp-block-column is-layout-flow wp-block-column-is-layout-flow\">\n<figure class=\"wp-block-image size-large is-resized\"><img loading=\"lazy\" decoding=\"async\" src=\"https:\/\/2020.kimpel-kartonagen.de\/wp-content\/uploads\/2020\/10\/Ueberzugskartonagen-604x1024.png\" alt=\"\" class=\"wp-image-90\" width=\"218\" height=\"370\" srcset=\"https:\/\/www.kimpel-kartonagen.de\/wp-content\/uploads\/2020\/10\/Ueberzugskartonagen-604x1024.png 604w, https:\/\/www.kimpel-kartonagen.de\/wp-content\/uploads\/2020\/10\/Ueberzugskartonagen-177x300.png 177w, https:\/\/www.kimpel-kartonagen.de\/wp-content\/uploads\/2020\/10\/Ueberzugskartonagen-768x1302.png 768w, https:\/\/www.kimpel-kartonagen.de\/wp-content\/uploads\/2020\/10\/Ueberzugskartonagen-906x1536.png 906w, https:\/\/www.kimpel-kartonagen.de\/wp-content\/uploads\/2020\/10\/Ueberzugskartonagen-1208x2048.png 1208w, https:\/\/www.kimpel-kartonagen.de\/wp-content\/uploads\/2020\/10\/Ueberzugskartonagen.png 1250w\" sizes=\"auto, (max-width: 218px) 100vw, 218px\" \/><\/figure>\n<\/div>\n<\/div>\n\n\n\n<div class=\"wp-block-columns is-layout-flex wp-container-core-columns-is-layout-9d6595d7 wp-block-columns-is-layout-flex\">\n<div class=\"wp-block-column is-layout-flow wp-block-column-is-layout-flow\">\n<h2 class=\"wp-block-heading\" style=\"font-size:23px\"><strong>Rohkartonagen<\/strong><\/h2>\n\n\n\n<p>Das Herstellen von Rohkartonagen hat bei uns eine lange Tradition. So warb der Firmengr\u00fcnder Conrad Kimpel schon bei der Firmengr\u00fcndung 1889 mit der Herstellung von \u201eLager- und Versandkartons mit und ohne Reklamedruck\u201c.<\/p>\n\n\n\n<p>Wir halten st\u00e4ndig Standardformate in leichter, mittlerer und schwere Vollpappe auf Lager. So k\u00f6nnen wir Ihnen Verpackungen f\u00fcr den Transport- oder den Lagerbereich bedruckt oder unbedruckt mit kurzen Lieferzeiten anbieten.<\/p>\n\n\n\n<p>Dar\u00fcber hinaus betreiben wir eine eigenentwickelte CNC-gesteuerte Fertigungsanlage zur Herstellung von Gitterfacheins\u00e4tze. Damit sind wir in der Lage, selbst kleinste Mengen schnell und wirtschaftlich zu produzieren.<\/p>\n<\/div>\n\n\n\n<div class=\"wp-block-column is-layout-flow wp-block-column-is-layout-flow\">\n<figure class=\"wp-block-image size-large is-resized\"><img loading=\"lazy\" decoding=\"async\" src=\"https:\/\/2020.kimpel-kartonagen.de\/wp-content\/uploads\/2020\/10\/Rohkartonagen-1024x678.png\" alt=\"\" class=\"wp-image-93\" width=\"503\" height=\"333\" srcset=\"https:\/\/www.kimpel-kartonagen.de\/wp-content\/uploads\/2020\/10\/Rohkartonagen-1024x678.png 1024w, https:\/\/www.kimpel-kartonagen.de\/wp-content\/uploads\/2020\/10\/Rohkartonagen-300x199.png 300w, https:\/\/www.kimpel-kartonagen.de\/wp-content\/uploads\/2020\/10\/Rohkartonagen-768x509.png 768w, https:\/\/www.kimpel-kartonagen.de\/wp-content\/uploads\/2020\/10\/Rohkartonagen-1536x1017.png 1536w, https:\/\/www.kimpel-kartonagen.de\/wp-content\/uploads\/2020\/10\/Rohkartonagen.png 2037w\" sizes=\"auto, (max-width: 503px) 100vw, 503px\" \/><\/figure>\n<\/div>\n<\/div>\n\n\n\n<h2 class=\"wp-block-heading\"><strong>Kaschieren<\/strong><\/h2>\n\n\n\n<div class=\"wp-block-columns is-layout-flex wp-container-core-columns-is-layout-9d6595d7 wp-block-columns-is-layout-flex\">\n<div class=\"wp-block-column is-layout-flow wp-block-column-is-layout-flow\" style=\"flex-basis:50%\">\n<div class=\"wp-block-columns is-layout-flex wp-container-core-columns-is-layout-9d6595d7 wp-block-columns-is-layout-flex\">\n<div class=\"wp-block-column is-layout-flow wp-block-column-is-layout-flow\" style=\"flex-basis:100%\">\n<p>Durch eine Vollautomatische-Kaschiermaschine sind wir in der Lage Ihnen kaschierte Verpackungen und Displays anzubieten.<\/p>\n\n\n\n<p>Wir kaschieren alle Arten von Papier, Karton, Wellpappe und Vollpappe. <\/p>\n\n\n\n<p>Wir bieten das Kaschieren auch im Lohn an.<\/p>\n\n\n<\/div>\n<\/div>\n<\/div>\n\n\n\n<div class=\"wp-block-column is-layout-flow wp-block-column-is-layout-flow\" style=\"flex-basis:50%\">\n<figure class=\"wp-block-image size-large is-style-default\"><img loading=\"lazy\" decoding=\"async\" width=\"1024\" height=\"695\" src=\"https:\/\/www.kimpel-kartonagen.de\/wp-content\/uploads\/2022\/03\/IMG_3247-2-1024x695.jpg\" alt=\"\" class=\"wp-image-261\" srcset=\"https:\/\/www.kimpel-kartonagen.de\/wp-content\/uploads\/2022\/03\/IMG_3247-2-1024x695.jpg 1024w, https:\/\/www.kimpel-kartonagen.de\/wp-content\/uploads\/2022\/03\/IMG_3247-2-300x204.jpg 300w, https:\/\/www.kimpel-kartonagen.de\/wp-content\/uploads\/2022\/03\/IMG_3247-2-768x521.jpg 768w, https:\/\/www.kimpel-kartonagen.de\/wp-content\/uploads\/2022\/03\/IMG_3247-2-1536x1043.jpg 1536w, https:\/\/www.kimpel-kartonagen.de\/wp-content\/uploads\/2022\/03\/IMG_3247-2-2048x1391.jpg 2048w\" sizes=\"auto, (max-width: 767px) 89vw, (max-width: 1000px) 54vw, (max-width: 1071px) 543px, 580px\" \/><\/figure>\n<\/div>\n<\/div>\n","protected":false},"excerpt":{"rendered":"<p>Verpackungsentwicklung und -beratung Gemeinsam mit Ihnen entwickeln wir die f\u00fcr Ihre Aufgabenstellung aus dem Verpackungs-und Displaybereich am besten geeignete L\u00f6sung. Hierzu erstellen wir mit modernsten CAD-Programmen ein auf Ihr Produkt zugeschnittenes Muster, auf wunsch auch digital bedruckt. Unser Schwerpunkt liegt dabei nicht nur in der Entwicklung von Verkaufs- und Transportverpackungen, sondern auch auf Theken- und &hellip; <\/p>\n<p class=\"link-more\"><a href=\"https:\/\/www.kimpel-kartonagen.de\/index.php\/unsere-produkte\/\" class=\"more-link\"><span class=\"screen-reader-text\">\u201eUnsere Produkte\u201c<\/span> weiterlesen<\/a><\/p>\n","protected":false},"author":2,"featured_media":229,"parent":0,"menu_order":0,"comment_status":"closed","ping_status":"closed","template":"","meta":{"footnotes":""},"class_list":["post-34","page","type-page","status-publish","has-post-thumbnail","hentry"],"jetpack_sharing_enabled":true,"_links":{"self":[{"href":"https:\/\/www.kimpel-kartonagen.de\/index.php\/wp-json\/wp\/v2\/pages\/34","targetHints":{"allow":["GET"]}}],"collection":[{"href":"https:\/\/www.kimpel-kartonagen.de\/index.php\/wp-json\/wp\/v2\/pages"}],"about":[{"href":"https:\/\/www.kimpel-kartonagen.de\/index.php\/wp-json\/wp\/v2\/types\/page"}],"author":[{"embeddable":true,"href":"https:\/\/www.kimpel-kartonagen.de\/index.php\/wp-json\/wp\/v2\/users\/2"}],"replies":[{"embeddable":true,"href":"https:\/\/www.kimpel-kartonagen.de\/index.php\/wp-json\/wp\/v2\/comments?post=34"}],"version-history":[{"count":38,"href":"https:\/\/www.kimpel-kartonagen.de\/index.php\/wp-json\/wp\/v2\/pages\/34\/revisions"}],"predecessor-version":[{"id":265,"href":"https:\/\/www.kimpel-kartonagen.de\/index.php\/wp-json\/wp\/v2\/pages\/34\/revisions\/265"}],"wp:featuredmedia":[{"embeddable":true,"href":"https:\/\/www.kimpel-kartonagen.de\/index.php\/wp-json\/wp\/v2\/media\/229"}],"wp:attachment":[{"href":"https:\/\/www.kimpel-kartonagen.de\/index.php\/wp-json\/wp\/v2\/media?parent=34"}],"curies":[{"name":"wp","href":"https:\/\/api.w.org\/{rel}","templated":true}]}}